{"id":3,"date":"2021-01-07T23:17:36","date_gmt":"2021-01-07T23:17:36","guid":{"rendered":"https:\/\/goksirbaranowo.pl\/?page_id=3"},"modified":"2021-01-16T10:44:27","modified_gmt":"2021-01-16T10:44:27","slug":"privacy-policy","status":"publish","type":"page","link":"https:\/\/goksirbaranowo.pl\/index.php\/privacy-policy\/","title":{"rendered":"Polityka prywatno\u015bci"},"content":{"rendered":"\n<p><strong>Dane zbierane automatycznie<\/strong><\/p>\n\n\n\n<p>Podczas Twojej wizyty na naszej stronie internetowej, automatycznie zbierane s\u0105 dane dotycz\u0105ce Twojej wizyty np. Tw\u00f3j adres IP, nazwa przegl\u0105darki czy typ systemu operacyjnego.<\/p>\n\n\n\n<p><strong>Wykorzystanie ciasteczek (&#8222;cookies&#8221;)<\/strong><\/p>\n\n\n\n<p>Nasza strona internetowa mo\u017ce wykorzystywa\u0107 ciasteczka, kt\u00f3re s\u0142u\u017c\u0105 identyfikacji Twojej przegl\u0105darki podczas korzystania z naszej strony, aby\u015bmy wiedzieli jak\u0105 stron\u0119 Ci wy\u015bwietli\u0107. Ciasteczka nie zawieraj\u0105 \u017cadnych danych osobowych.<\/p>\n\n\n\n<p><strong>W jaki spos\u00f3b wykorzystujemy Twoje dane?<\/strong><\/p>\n\n\n\n<p>W \u017cadnym wypadku nie b\u0119dziemy sprzedawali danych zebranych o Tobie podmiotom trzecim.<\/p>\n\n\n\n<p>Dane zbierane automatycznie mog\u0105 by\u0107 u\u017cyte do analizy zachowa\u0144 u\u017cytkownik\u00f3w na naszej stronie internetowej, zbierania danych demograficznych o naszych u\u017cytkownikach lub do personalizacji zawarto\u015bci naszych stron internetowych. Dane te s\u0105 zbierane automatycznie o ka\u017cdym u\u017cytkowniku.<\/p>\n\n\n\n<p>W przypadku naruszenia prawa lub gdy b\u0119d\u0105 wymaga\u0142y tego przepisy prawa, mo\u017cemy udost\u0119pni\u0107 Twoje dane organom wymiaru sprawiedliwo\u015bci.<\/p>\n\n\n\n<p><strong>Zmiany naszej polityki prywatno\u015bci<\/strong><\/p>\n\n\n\n<p>Zastrzegamy sobie prawo zmiany niniejszej polityki prywatno\u015bci poprzez opublikowanie nowej polityki prywatno\u015bci na tej stronie, bez informowania o tym u\u017cytkownik\u00f3w.<\/p>\n","protected":false},"excerpt":{"rendered":"<p>Dane zbierane automatycznie Podczas Twojej wizyty na naszej stronie internetowej, automatycznie zbierane s\u0105 dane dotycz\u0105ce Twojej wizyty np. Tw\u00f3j adres IP, nazwa przegl\u0105darki czy typ systemu operacyjnego. Wykorzystanie ciasteczek (&#8222;cookies&#8221;) Nasza strona internetowa mo\u017ce wykorzystywa\u0107 ciasteczka, kt\u00f3re s\u0142u\u017c\u0105 identyfikacji Twojej przegl\u0105darki podczas korzystania z naszej strony, aby\u015bmy wiedzieli jak\u0105 stron\u0119 Ci wy\u015bwietli\u0107. Ciasteczka nie zawieraj\u0105 \u017cadnych danych osobowych. W jaki spos\u00f3b wykorzystujemy Twoje dane? W \u017cadnym wypadku nie b\u0119dziemy sprzedawali danych zebranych o Tobie podmiotom trzecim. Dane zbierane automatycznie mog\u0105 by\u0107 u\u017cyte do analizy zachowa\u0144 u\u017cytkownik\u00f3w na naszej stronie internetowej,&hellip;<\/p>\n","protected":false},"author":1,"featured_media":0,"parent":0,"menu_order":0,"comment_status":"closed","ping_status":"open","template":"","meta":{"footnotes":""},"class_list":["post-3","page","type-page","status-publish","hentry"],"_links":{"self":[{"href":"https:\/\/goksirbaranowo.pl\/index.php\/wp-json\/wp\/v2\/pages\/3","targetHints":{"allow":["GET"]}}],"collection":[{"href":"https:\/\/goksirbaranowo.pl\/index.php\/wp-json\/wp\/v2\/pages"}],"about":[{"href":"https:\/\/goksirbaranowo.pl\/index.php\/wp-json\/wp\/v2\/types\/page"}],"author":[{"embeddable":true,"href":"https:\/\/goksirbaranowo.pl\/index.php\/wp-json\/wp\/v2\/users\/1"}],"replies":[{"embeddable":true,"href":"https:\/\/goksirbaranowo.pl\/index.php\/wp-json\/wp\/v2\/comments?post=3"}],"version-history":[{"count":2,"href":"https:\/\/goksirbaranowo.pl\/index.php\/wp-json\/wp\/v2\/pages\/3\/revisions"}],"predecessor-version":[{"id":820,"href":"https:\/\/goksirbaranowo.pl\/index.php\/wp-json\/wp\/v2\/pages\/3\/revisions\/820"}],"wp:attachment":[{"href":"https:\/\/goksirbaranowo.pl\/index.php\/wp-json\/wp\/v2\/media?parent=3"}],"curies":[{"name":"wp","href":"https:\/\/api.w.org\/{rel}","templated":true}]}}