{"id":431,"date":"2007-01-10T23:20:00","date_gmt":"2007-01-10T23:20:00","guid":{"rendered":"https:\/\/goksirbaranowo.pl\/?page_id=431"},"modified":"2021-01-10T23:21:35","modified_gmt":"2021-01-10T23:21:35","slug":"431-2","status":"publish","type":"page","link":"https:\/\/goksirbaranowo.pl\/index.php\/431-2\/","title":{"rendered":"Jak powsta\u0142a grupa"},"content":{"rendered":"\n<figure class=\"wp-block-image size-large\"><img loading=\"lazy\" decoding=\"async\" width=\"640\" height=\"480\" src=\"https:\/\/goksirbaranowo.pl\/wp-content\/uploads\/2021\/01\/seniorki-6.jpg\" alt=\"\" class=\"wp-image-432\" srcset=\"https:\/\/goksirbaranowo.pl\/wp-content\/uploads\/2021\/01\/seniorki-6.jpg 640w, https:\/\/goksirbaranowo.pl\/wp-content\/uploads\/2021\/01\/seniorki-6-300x225.jpg 300w\" sizes=\"auto, (max-width: 640px) 100vw, 640px\" \/><\/figure>\n\n\n\n<p>Od jesieni 2006r. istnieje w Baranowie Klub Seniora. Spotkania uczestnik\u00f3w &#8211; pocz\u0105tkowo sporadyczne- odbywaj\u0105 si\u0119 w ka\u017cd\u0105 \u015brod\u0119 w GOKSiR, pod has\u0142em \u201eWspomnie\u0144 czar&#8221;.<br>Przy herbatce, w mi\u0142ej atmosferze snujemy opowiadania dok\u0105d si\u0119gamy pami\u0119ci\u0105, \u015bpiewamy dawne piosenki, ogl\u0105damy i komentujemy stare zdj\u0119cia<br>Poza spotkaniami cz\u0142onkowie Klubu bior\u0105 czynny udzia\u0142 w r\u00f3\u017cnorodnych wydarzeniach \u015brodowiskowych. Do\u015b\u0107 licznie nale\u017c\u0105 do istniej\u0105cego od niedawna Stowarzyszenia Inicjatyw Lokalnych powo\u0142anych przy miejscowym GOKSiR.<br>Zim\u0105 i wiosn\u0105, przy sprzyjaj\u0105cej pogodzie cz\u0142onkinie klubu odbywa\u0142y do\u015b\u0107 d\u0142ugie w\u0119dr\u00f3wki rekreacyjne po okolicznych lasach. Przy tej okazji szlaki w\u0119dr\u00f3wek zosta\u0142y oczyszczone z nagromadzonych \u015bmieci pozostawionych przez beztroskich \u201eczy\u015bcioch\u00f3w&#8221;. Szkoda, \u017ce nie mo\u017cna ich by\u0142o zidentyfikowa\u0107, bo mo\u017cna by\u0142oby dokona\u0107 zwrotu r\u00f3\u017cnorodnych skarb\u00f3w. Ale przynajmniej zyska\u0142o na tym \u015brodowisko.<br>By\u0142y r\u00f3wnie\u017c organizowane spotkania okoliczno\u015bciowe, m.in. &#8211; \u201eWalentynki&#8221;, Dzie\u0144 Kobiet oraz Ostatki. Cz\u0142onkinie Klubu wzi\u0119\u0142y udzia\u0142 w warsztatach r\u0119kodzielniczych organizowanych przez GOKSiR wykonywania kwiat\u00f3w bibu\u0142y, a na ich wz\u00f3r &#8211; palm wielkanocnych. Na zaproszenie pani Czes\u0142awy Kaczy\u0144skiej cz\u0142onkinie wzi\u0119\u0142y udzia\u0142 w warsztatach \u201eGin\u0105ce zawody&#8221; w Kadzidle. Wyjazd sfinansowany zosta\u0142 przez W\u00f3jta Gminy Baranowo. Dnia 31 maja br. Liczna grupa cz\u0142onk\u00f3w Klubu uczestniczy\u0142a w rajdzie rowerowym \u201eSzlakiem Bobra&#8221;, zorganizowanym przez GOKSiR. Obecnie &#8211; we w\u0142asnym zakresie &#8211; organizujemy wycieczki rowerowe po najbli\u017cszej okolicy. W ambitnych planach na drug\u0105 po\u0142ow\u0119 bie\u017c\u0105cego roku zamierzamy organizowa\u0107 kilku i jednodniowe wycieczki, okoliczno\u015bciowe biesiady, wyprawy do teatru i kina, kursy kulinarne, spotkania z ciekawymi lud\u017ami, zaj\u0119cia regionalne itp.&nbsp;<br>Dzia\u0142alno\u015b\u0107 Klubu nabiera coraz wi\u0119kszego rozmachu. Jest to niew\u0105tpliwie du\u017ca zas\u0142uga wielu zaanga\u017cowanych os\u00f3b, g\u0142\u00f3wnie za\u015b pani Gra\u017cyny Symo\u0142on, kt\u00f3ra jest doskona\u0142ym \u0142\u0105cznikiem mi\u0119dzy Klubem, a w\u0142adzami Gminy i \u015brodowiskiem. Oby wszystkim nie zabrak\u0142o zapa\u0142u.<\/p>\n","protected":false},"excerpt":{"rendered":"<p>Od jesieni 2006r. istnieje w Baranowie Klub Seniora. Spotkania uczestnik\u00f3w &#8211; pocz\u0105tkowo sporadyczne- odbywaj\u0105 si\u0119 w ka\u017cd\u0105 \u015brod\u0119 w GOKSiR, pod has\u0142em \u201eWspomnie\u0144 czar&#8221;.Przy herbatce, w mi\u0142ej atmosferze snujemy opowiadania dok\u0105d si\u0119gamy pami\u0119ci\u0105, \u015bpiewamy dawne piosenki, ogl\u0105damy i komentujemy stare zdj\u0119ciaPoza spotkaniami cz\u0142onkowie Klubu bior\u0105 czynny udzia\u0142 w r\u00f3\u017cnorodnych wydarzeniach \u015brodowiskowych. Do\u015b\u0107 licznie nale\u017c\u0105 do istniej\u0105cego od niedawna Stowarzyszenia Inicjatyw Lokalnych powo\u0142anych przy miejscowym GOKSiR.Zim\u0105 i wiosn\u0105, przy sprzyjaj\u0105cej pogodzie cz\u0142onkinie klubu odbywa\u0142y do\u015b\u0107 d\u0142ugie w\u0119dr\u00f3wki rekreacyjne po okolicznych lasach. Przy tej okazji szlaki w\u0119dr\u00f3wek zosta\u0142y oczyszczone z nagromadzonych \u015bmieci&hellip;<\/p>\n","protected":false},"author":1,"featured_media":0,"parent":0,"menu_order":0,"comment_status":"closed","ping_status":"closed","template":"","meta":{"footnotes":""},"class_list":["post-431","page","type-page","status-publish","hentry"],"_links":{"self":[{"href":"https:\/\/goksirbaranowo.pl\/index.php\/wp-json\/wp\/v2\/pages\/431","targetHints":{"allow":["GET"]}}],"collection":[{"href":"https:\/\/goksirbaranowo.pl\/index.php\/wp-json\/wp\/v2\/pages"}],"about":[{"href":"https:\/\/goksirbaranowo.pl\/index.php\/wp-json\/wp\/v2\/types\/page"}],"author":[{"embeddable":true,"href":"https:\/\/goksirbaranowo.pl\/index.php\/wp-json\/wp\/v2\/users\/1"}],"replies":[{"embeddable":true,"href":"https:\/\/goksirbaranowo.pl\/index.php\/wp-json\/wp\/v2\/comments?post=431"}],"version-history":[{"count":2,"href":"https:\/\/goksirbaranowo.pl\/index.php\/wp-json\/wp\/v2\/pages\/431\/revisions"}],"predecessor-version":[{"id":435,"href":"https:\/\/goksirbaranowo.pl\/index.php\/wp-json\/wp\/v2\/pages\/431\/revisions\/435"}],"wp:attachment":[{"href":"https:\/\/goksirbaranowo.pl\/index.php\/wp-json\/wp\/v2\/media?parent=431"}],"curies":[{"name":"wp","href":"https:\/\/api.w.org\/{rel}","templated":true}]}}