{"id":722,"date":"2021-01-12T21:52:47","date_gmt":"2021-01-12T21:52:47","guid":{"rendered":"https:\/\/goksirbaranowo.pl\/?page_id=722"},"modified":"2021-01-12T21:56:04","modified_gmt":"2021-01-12T21:56:04","slug":"722-2","status":"publish","type":"page","link":"https:\/\/goksirbaranowo.pl\/index.php\/722-2\/","title":{"rendered":"Sp\u0142ywy kajakowe po Omulwi"},"content":{"rendered":"\n<p><\/p>\n\n\n\n<p><a href=\"https:\/\/www.facebook.com\/kajakiempoOmulwi\/?ref=bookmarks\" target=\"_blank\" rel=\"noreferrer noopener\">Facebook &#8211; kajakiem po Omulwi.<\/a><\/p>\n\n\n\n<p>Wypo\u017cyczalnia kajak\u00f3w Towarzystwa Spo\u0142eczno-Kulturalnego im. A. Kopcia w Brodowych \u0141\u0105kach, telefon- 574-032-109 lub &#8211; 608 420 563.<\/p>\n\n\n\n<p>Cena wypo\u017cyczenia 1 kompletnego dwuosobowego kajaka to 30,00 z\u0142<br>Wypo\u017cyczalnia zlokalizowana jest w budynku remizy OSP Brodowe \u0141\u0105ki. Du\u017cy parking na przystani kajakowej w Brodowych \u0141\u0105kach.<\/p>\n\n\n\n<p>Jest miejsce na ognisko &#8211; jest r\u00f3wnie\u017c drewno.<br>Preferowane s\u0105 du\u017ce grupy, kt\u00f3re samodzielnie zorganizuj\u0105 sobie sp\u0142yw ni\u017cej wymienionymi trasami.&nbsp;<br>Na przyczepk\u0119 mo\u017cna za\u0142adowa\u0107 10 kajak\u00f3w &#8211; 20 os\u00f3b do sp\u0142yni\u0119cia.<\/p>\n\n\n\n<p>Trasy do wyboru:<\/p>\n\n\n\n<p>Weso\u0142owo &#8211; Wielbark &#8211; d\u0142ugo\u015b\u0107 trasy 10 km.&nbsp; &nbsp; &nbsp; &nbsp; &nbsp; &nbsp; &nbsp; &nbsp; &nbsp;&#8211; oko\u0142o 2&nbsp;godziny<br>Wielbark &#8211; Brodowe \u0141\u0105ki &#8211; d\u0142ugo\u015b\u0107 trasy oko\u0142o 30 km.&nbsp; &nbsp; &#8211; oko\u0142o &#8211; 7 godzin<br>Krukowo &#8211; Brodowe \u0141\u0105ki &#8211; d\u0142ugo\u015b\u0107 trasy oko\u0142o 12 km.&nbsp; &nbsp; &#8211; oko\u0142o 3,5 godziny<br>Nowa Wie\u015b &#8211; Brodowe \u0141\u0105ki &#8211; d\u0142ugo\u015b\u0107 trasy oko\u0142o 7 km.&nbsp; &nbsp;&#8211; oko\u0142o 2,5 godziny<br>Brodowe \u0141\u0105ki &#8211; Czarnotrzew &#8211; d\u0142ugo\u015b\u0107 trasy 20 km.&nbsp; &nbsp; &nbsp; &nbsp; &#8211; oko\u0142o 5 godzin<br>Czarnotrzew &#8211; Kruki &#8211; czas sp\u0142yni\u0119cia oko\u0142o 7 godzin.<\/p>\n\n\n\n<p>Tego typu kajaki do wypo\u017cyczenia.<\/p>\n\n\n\n<figure class=\"wp-block-image size-large\"><img loading=\"lazy\" decoding=\"async\" width=\"716\" height=\"960\" src=\"https:\/\/goksirbaranowo.pl\/wp-content\/uploads\/2021\/01\/kaj-5.jpg\" alt=\"\" class=\"wp-image-723\" srcset=\"https:\/\/goksirbaranowo.pl\/wp-content\/uploads\/2021\/01\/kaj-5.jpg 716w, https:\/\/goksirbaranowo.pl\/wp-content\/uploads\/2021\/01\/kaj-5-224x300.jpg 224w\" sizes=\"auto, (max-width: 716px) 100vw, 716px\" \/><\/figure>\n\n\n\n<figure class=\"wp-block-image size-large\"><img loading=\"lazy\" decoding=\"async\" width=\"1024\" height=\"768\" src=\"https:\/\/goksirbaranowo.pl\/wp-content\/uploads\/2021\/01\/kaj-1-1024x768.jpg\" alt=\"\" class=\"wp-image-724\" srcset=\"https:\/\/goksirbaranowo.pl\/wp-content\/uploads\/2021\/01\/kaj-1-1024x768.jpg 1024w, https:\/\/goksirbaranowo.pl\/wp-content\/uploads\/2021\/01\/kaj-1-300x225.jpg 300w, https:\/\/goksirbaranowo.pl\/wp-content\/uploads\/2021\/01\/kaj-1-768x576.jpg 768w, https:\/\/goksirbaranowo.pl\/wp-content\/uploads\/2021\/01\/kaj-1-1536x1152.jpg 1536w, https:\/\/goksirbaranowo.pl\/wp-content\/uploads\/2021\/01\/kaj-1.jpg 2048w\" sizes=\"auto, (max-width: 1024px) 100vw, 1024px\" \/><\/figure>\n\n\n\n<figure class=\"wp-block-image size-large\"><img loading=\"lazy\" decoding=\"async\" width=\"1024\" height=\"543\" src=\"https:\/\/goksirbaranowo.pl\/wp-content\/uploads\/2021\/01\/kaj-3-1024x543.jpg\" alt=\"\" class=\"wp-image-725\" srcset=\"https:\/\/goksirbaranowo.pl\/wp-content\/uploads\/2021\/01\/kaj-3-1024x543.jpg 1024w, https:\/\/goksirbaranowo.pl\/wp-content\/uploads\/2021\/01\/kaj-3-300x159.jpg 300w, https:\/\/goksirbaranowo.pl\/wp-content\/uploads\/2021\/01\/kaj-3-768x407.jpg 768w, https:\/\/goksirbaranowo.pl\/wp-content\/uploads\/2021\/01\/kaj-3-1536x815.jpg 1536w, https:\/\/goksirbaranowo.pl\/wp-content\/uploads\/2021\/01\/kaj-3.jpg 2048w\" sizes=\"auto, (max-width: 1024px) 100vw, 1024px\" \/><\/figure>\n\n\n\n<figure class=\"wp-block-image size-large\"><img loading=\"lazy\" decoding=\"async\" width=\"1024\" height=\"569\" src=\"https:\/\/goksirbaranowo.pl\/wp-content\/uploads\/2021\/01\/kaj-4-1024x569.jpg\" alt=\"\" class=\"wp-image-726\" srcset=\"https:\/\/goksirbaranowo.pl\/wp-content\/uploads\/2021\/01\/kaj-4-1024x569.jpg 1024w, https:\/\/goksirbaranowo.pl\/wp-content\/uploads\/2021\/01\/kaj-4-300x167.jpg 300w, https:\/\/goksirbaranowo.pl\/wp-content\/uploads\/2021\/01\/kaj-4-768x426.jpg 768w, https:\/\/goksirbaranowo.pl\/wp-content\/uploads\/2021\/01\/kaj-4-1536x853.jpg 1536w, https:\/\/goksirbaranowo.pl\/wp-content\/uploads\/2021\/01\/kaj-4.jpg 2048w\" sizes=\"auto, (max-width: 1024px) 100vw, 1024px\" \/><\/figure>\n\n\n\n<figure class=\"wp-block-image size-large\"><img loading=\"lazy\" decoding=\"async\" width=\"720\" height=\"960\" src=\"https:\/\/goksirbaranowo.pl\/wp-content\/uploads\/2021\/01\/kaj-2.jpg\" alt=\"\" class=\"wp-image-730\" srcset=\"https:\/\/goksirbaranowo.pl\/wp-content\/uploads\/2021\/01\/kaj-2.jpg 720w, https:\/\/goksirbaranowo.pl\/wp-content\/uploads\/2021\/01\/kaj-2-225x300.jpg 225w\" sizes=\"auto, (max-width: 720px) 100vw, 720px\" \/><\/figure>\n","protected":false},"excerpt":{"rendered":"<p>Facebook &#8211; kajakiem po Omulwi. Wypo\u017cyczalnia kajak\u00f3w Towarzystwa Spo\u0142eczno-Kulturalnego im. A. Kopcia w Brodowych \u0141\u0105kach, telefon- 574-032-109 lub &#8211; 608 420 563. Cena wypo\u017cyczenia 1 kompletnego dwuosobowego kajaka to 30,00 z\u0142Wypo\u017cyczalnia zlokalizowana jest w budynku remizy OSP Brodowe \u0141\u0105ki. Du\u017cy parking na przystani kajakowej w Brodowych \u0141\u0105kach. Jest miejsce na ognisko &#8211; jest r\u00f3wnie\u017c drewno.Preferowane s\u0105 du\u017ce grupy, kt\u00f3re samodzielnie zorganizuj\u0105 sobie sp\u0142yw ni\u017cej wymienionymi trasami.&nbsp;Na przyczepk\u0119 mo\u017cna za\u0142adowa\u0107 10 kajak\u00f3w &#8211; 20 os\u00f3b do sp\u0142yni\u0119cia. Trasy do wyboru: Weso\u0142owo &#8211; Wielbark &#8211; d\u0142ugo\u015b\u0107 trasy 10 km.&nbsp; &nbsp; &nbsp; &nbsp;&hellip;<\/p>\n","protected":false},"author":1,"featured_media":723,"parent":0,"menu_order":0,"comment_status":"closed","ping_status":"closed","template":"","meta":{"footnotes":""},"class_list":["post-722","page","type-page","status-publish","has-post-thumbnail","hentry"],"_links":{"self":[{"href":"https:\/\/goksirbaranowo.pl\/index.php\/wp-json\/wp\/v2\/pages\/722","targetHints":{"allow":["GET"]}}],"collection":[{"href":"https:\/\/goksirbaranowo.pl\/index.php\/wp-json\/wp\/v2\/pages"}],"about":[{"href":"https:\/\/goksirbaranowo.pl\/index.php\/wp-json\/wp\/v2\/types\/page"}],"author":[{"embeddable":true,"href":"https:\/\/goksirbaranowo.pl\/index.php\/wp-json\/wp\/v2\/users\/1"}],"replies":[{"embeddable":true,"href":"https:\/\/goksirbaranowo.pl\/index.php\/wp-json\/wp\/v2\/comments?post=722"}],"version-history":[{"count":3,"href":"https:\/\/goksirbaranowo.pl\/index.php\/wp-json\/wp\/v2\/pages\/722\/revisions"}],"predecessor-version":[{"id":732,"href":"https:\/\/goksirbaranowo.pl\/index.php\/wp-json\/wp\/v2\/pages\/722\/revisions\/732"}],"wp:featuredmedia":[{"embeddable":true,"href":"https:\/\/goksirbaranowo.pl\/index.php\/wp-json\/wp\/v2\/media\/723"}],"wp:attachment":[{"href":"https:\/\/goksirbaranowo.pl\/index.php\/wp-json\/wp\/v2\/media?parent=722"}],"curies":[{"name":"wp","href":"https:\/\/api.w.org\/{rel}","templated":true}]}}